{"id":14,"date":"2014-11-11T22:31:34","date_gmt":"2014-11-11T20:31:34","guid":{"rendered":"http:\/\/www3.doktor-forst.at\/?page_id=14"},"modified":"2025-11-03T09:00:25","modified_gmt":"2025-11-03T07:00:25","slug":"unser-team","status":"publish","type":"page","link":"https:\/\/www.dr-heyenbrock.at\/?page_id=14","title":{"rendered":"Unser Team"},"content":{"rendered":"<h3 style=\"font-weight: 400;\"><span style=\"color: #99cc00;\"><strong>Dr. Felix Heyenbrock<\/strong><\/span><\/h3>\n<p style=\"font-weight: 400;\">Arzt f\u00fcr Allgemeinmedizin, Mitglied der \u00c4rztekammer f\u00fcr Tirol, geb. (1989) und aufgewachsen in M\u00fcnchen.<\/p>\n<p style=\"font-weight: 400;\"><strong>2007<\/strong> Allgemeine Hochschulreife<\/p>\n<p style=\"font-weight: 400;\"><strong>2008<\/strong> Ausbildung zum Rettungssanit\u00e4ter (Rettungsdienstschule M\u00fcnchen)<\/p>\n<p style=\"font-weight: 400;\"><strong>2008 \u2013 2015<\/strong> Medizinstudium an der Medizinischen Universit\u00e4t Innsbruck<\/p>\n<p style=\"font-weight: 400;\"><strong>2015 \u2013 2018<\/strong> postpromotionelle Ausbildung zum Arzt f\u00fcr Allgemeinmedizin am BKH St. Johann in Tirol und am BKH Kufstein<\/p>\n<p style=\"font-weight: 400;\"><strong>2018 \u2013 2022<\/strong> Anstellung als Arzt f\u00fcr Allgemeinmedizin im Rehazentrum Kitzb\u00fchel<\/p>\n<p style=\"font-weight: 400;\"><strong>2018 \u2013 2022<\/strong> Arbeitsmediziner f\u00fcr die AUVA<\/p>\n<p style=\"font-weight: 400;\"><strong>2018 \u2013 2022<\/strong> Vertretungst\u00e4tigkeiten in mehreren Arztpraxen im Bezirk Kitzb\u00fchel (Ellmau, St. Johann, Kitzb\u00fchel, Kirchberg, Waidring, Kirchdorf und K\u00f6ssen)<\/p>\n<p style=\"font-weight: 400;\"><strong>2019 <\/strong>Assistenzarzt f\u00fcr Radiologie (Schwerpunkt Sonographie) am BKH St. Johann in Tirol<\/p>\n<p style=\"font-weight: 400;\"><strong>2022<\/strong> \u00dcbergabepraxis mit Dr. Martin Fahringer in K\u00f6ssen<\/p>\n<p style=\"font-weight: 400;\"><strong>Seit 2023 <\/strong>Kassenvertragsarzt f\u00fcr Allgemeinmedizin in K\u00f6ssen<\/p>\n<p style=\"font-weight: 400;\"><strong>Zusatzdiplome und Zertifikate der \u00d6sterreichischen \u00c4rztekammer<\/strong><\/p>\n<p style=\"font-weight: 400;\"><strong>Sportmedizin<\/strong> (2015-2017)<\/p>\n<p style=\"font-weight: 400;\"><strong>Manuelle Medizin (<\/strong>2016-2018, MWE in Deutschland)<\/p>\n<p style=\"font-weight: 400;\"><strong>Notarzt<\/strong> (2017)<\/p>\n<p style=\"font-weight: 400;\"><strong>Arbeitsmedizin<\/strong> (2017-2018, AAMP)<\/p>\n<p style=\"font-weight: 400;\"><strong>Reisemedizin<\/strong> (2018)<\/p>\n<p style=\"font-weight: 400;\">Zertifikate <strong>Sonographie (<\/strong>2019: Abdomen, Schilddr\u00fcse, hirnzuf\u00fchrende Arterien, periphere Arterien, periphere Venen, Bewegungsapparat, Small Parts, Pleura)<\/p>\n<p style=\"font-weight: 400;\"><strong>Ern\u00e4hrungsmedizin<\/strong> (2021)<\/p>\n<p style=\"font-weight: 400;\"><strong>Fortbildungsdiplom<\/strong>: g\u00fcltig<\/p>\n<p style=\"font-weight: 400;\"><strong>Sprachkenntnisse<\/strong>: Deutsch, Englisch (sehr gute Kenntnisse), Franz\u00f6sisch (Grundkenntnisse)<\/p>\n<p style=\"font-weight: 400;\">Staatlich gepr\u00fcfter Skilehrer \u2013 Ausbilder Deutscher Skilehrerverband<\/p>\n<hr \/>\n<h3 style=\"font-weight: 400;\"><span style=\"color: #99cc00;\"><strong>Eva Hintler<\/strong><\/span><\/h3>\n<p style=\"font-weight: 400;\"><strong>\u00a0Anmeldung &#8211; <strong style=\"font-size: revert; color: initial;\">Diplomierte Gesundheits- und Krankenpflegerin<\/strong><\/strong><\/p>\n<hr \/>\n<h3 style=\"font-weight: 400;\"><span style=\"color: #99cc00;\"><strong>Christina \u201eTina\u201c Fahringer<\/strong><\/span><\/h3>\n<p><strong>Anmeldung \/ Telefon<\/strong><\/p>\n<hr \/>\n<h3 style=\"font-weight: 400;\"><strong style=\"font-size: revert;\"><span style=\"color: #99cc00;\">Lisa St\u00f6ckl<\/span><\/strong><\/h3>\n<p style=\"font-weight: 400;\"><strong style=\"font-size: revert; color: initial;\"><strong>Diplomierte Gesundheits- und Krankenpflegerin<\/strong><\/strong><\/p>\n<hr \/>\n<h3 style=\"font-weight: 400;\"><span style=\"color: #99cc00;\"><strong>Lara Leitner<\/strong><\/span><\/h3>\n<p><strong>Diplomierte Gesundheits- und Krankenpflegerin<\/strong><\/p>\n<hr \/>\n<h3><strong><span style=\"color: #99cc00;\">Tanya Dagn<\/span><\/strong><\/h3>\n<p style=\"font-weight: 400;\"><strong>Diplomierte Gesundheits- und Krankenpflegerin<\/strong><\/p>\n<hr \/>\n<h3><span style=\"color: #99cc00;\">Dr. Ulrike Forst<\/span><\/h3>\n<p style=\"text-align: justify;\">\u00c4rztin f\u00fcr Allgemeinmedizin, Mitglied der \u00c4rztekammer f\u00fcr Tirol, Mitglied der \u00d6GKA (\u00d6sterreichische Gesellschaft f\u00fcr kontrollierte Akupunktur), geboren 1980 in Kufstein, aufgewachsen in K\u00f6ssen.<\/p>\n<p><strong>1999 &#8211; 2008<\/strong> Medizinstudium an der Medizinischen Universit\u00e4t Innsbruck<br \/>\n<strong>2009 &#8211; 2012<\/strong> postpromotionelle Ausbildung im BKH Kufstein. Pr\u00fcfung zur \u00c4rztin f\u00fcr Allgemeinmedizin: absolviert am 20.12.2012<br \/>\n<strong>2012 \u2013 2014<\/strong> angestellte Not\u00e4rztin im Bezirk Kufstein (Kufstein, Kramsach), weiters Notarztdienste im Bezirk Kitzb\u00fchel.<br \/>\n<strong>2012 &#8211; 2014<\/strong> Vertretungst\u00e4tigkeit in der Ordination meines Vaters Dr. Manfred Forst in K\u00f6ssen, sporadische Vertretungen in der Arztpraxis Angerberg.<br \/>\n<strong>Seit Oktober 2014:<\/strong> Kassenvertrags\u00e4rztin in K\u00f6ssen (\u00dcbernahme der Ordination meines Vaters)<\/p>\n<p><strong>1998 \u2013 2008:<\/strong> regelm\u00e4\u00dfige ehrenamtliche T\u00e4tigkeit als Rettungssanit\u00e4terin beim Roten Kreuz Kitzb\u00fchel (Ortsstelle K\u00f6ssen)<\/p>\n<p><strong>Zusatzdiplome der \u00d6sterreichischen \u00c4rztekammer<\/strong><\/p>\n<p><strong>Notarzt<\/strong>:\u00a0\u00a0 \u00a0\u00a0\u00a0 \u00a0\u00a0\u00a0 Pr\u00fcfung am 30.09.2012<\/p>\n<p><strong>Akupunktur:\u00a0<\/strong>\u00a0\u00a0 November 2010 \u2013 Juni 2012 (Ausbildung K\u00f6rperakupunktur)<br \/>\nJuli 2012 \u2013 Juni 2013 (Ausbildung Ohrakupunktur)<br \/>\nSeit 01.06.2013: Europ\u00e4isches Akupunkturdiplom der \u00d6GKA<br \/>\n(\u00d6sterreichische Gesellschaft f\u00fcr Kontrollierte Akupunktur)<\/p>\n<p><strong>Schularzt:\u00a0<\/strong>\u00a0 \u00a0\u00a0\u00a0\u00a0\u00a0 M\u00e4rz 2013 \u2013 November 2013<\/p>\n<p><strong>Spezielle Schmerztherapie:<br \/>\n<\/strong>September 2013 \u2013 M\u00e4rz 2013, Mai und Juni 2014:<br \/>\n80 Stunden schmerzmedizinische Praxis an der interdisziplin\u00e4ren Schmerzambulanz der SALK (Salzburger Landesklinik)<\/p>\n<p><strong>Geriatrie und Palliativmedizin:<\/strong>\u00a0\u00a0 \u00a0\u00a0\u00a0 Dezember 2012 \u2013 November 2014<\/p>\n<p><strong>Fortbildungsdiplom:<\/strong> g\u00fcltig<\/p>\n<p><strong>Sprachkenntnisse:<\/strong><br \/>\nDeutsch, Englisch und Spanisch (sehr gute Kenntnisse), Franz\u00f6sisch (Grundkenntnisse)<\/p>\n<hr \/>\n<h3><span style=\"color: #99cc00;\">Dr. Manfred Forst<\/span><\/h3>\n<p style=\"text-align: justify;\">Mein Vater war 35 Jahre lang mit Herz und Seele praktischer Arzt in K\u00f6ssen. Oktober 2014 ging er in den wohlverdienten Ruhestand, unterst\u00fctzt mich jedoch nach wie vor und insbesonders seit der Geburt meines Sohnes im April 2019 tatkr\u00e4ftig in der Ordination und bei den Hausbesuchen. Weiters hat er immer ein offenes Ohr f\u00fcr Fragen.\u00a0 Diplome der \u00d6sterreichischen \u00c4rztek\u00e4mmer f\u00fcr:<\/p>\n<p>\u2022\u00a0\u00a0 \u00a0Notfallmedizin<br \/>\n\u2022\u00a0\u00a0 \u00a0Akupunktur<br \/>\n\u2022\u00a0\u00a0 \u00a0Hom\u00f6opathie<\/p>\n<p style=\"text-align: justify;\">Weiters f\u00fchrt er bereits seit Jahrzehnten erfolgreich Allergietestungen sowie \u2013 l\u00f6schung mittels Bioresonanz-Methode durch. Hom\u00f6opathische Beratung und Behandlung sowie Bioresonanztherapie werden nur von Herrn Dr. Forst (nach Terminvereinbarung) durchgef\u00fchrt.<\/p>\n<hr \/>\n<h3><span style=\"color: #99cc00;\">Bianca Kitzbichler<\/span><\/h3>\n<p>Ist gelernte Heilmasseurin und hat auch als ebensolche gearbeitet. Seit J\u00e4nner 2014 ist sie vor allem an unserer Anmeldung t\u00e4tig, sie ist f\u00fcr die organisatorischen Abl\u00e4ufe in der Praxis hauptverantwortlich. Im September 2015 hat sie berufsbegleitend die einj\u00e4hrige Ausbildung zur Ordinationsassistentin absolviert und ist nun zwischenzeitlich auch im medizinischen Bereich t\u00e4tig.<\/p>\n<p>Sie ist verheiratet und hat zwei\u00a0 S\u00f6hne.<\/p>\n<hr \/>\n<h3><span style=\"color: #99cc00;\">Lara Leitner<\/span><\/h3>\n<p><strong>Diplomierte Gesundheits- und Krankenpflegerin<\/strong><\/p>\n<hr \/>\n<h3><span style=\"color: #669933;\"><span style=\"color: #99cc00;\">Anita Fuchs<\/span><br \/>\n<\/span><\/h3>\n<p style=\"text-align: justify;\">Ist diplomierte Gesundheits- und Krankenpflegerin und ist im Februar 2021 zu unserem Team hinzugesto\u00dfen. Ihr obliegt vor allem die T\u00e4tigkeit im Labor sowie die \u00e4rztliche Assistenz. Seit Pensionierung von Elfriede Gr\u00fcnbacher ist sie weiters f\u00fcr die Bestellungen zust\u00e4ndig.<\/p>\n<p style=\"text-align: justify;\">Sie ist verheiratet und hat drei Kinder.<\/p>\n<hr \/>\n<h3><span style=\"color: #669933;\"><span style=\"color: #99cc00;\">Anna-Karina H\u00f6flinger<\/span><br \/>\n<\/span><\/h3>\n<p style=\"text-align: justify;\">war bis zur Geburt ihres ersten Sohnes als Pflegehelferin im Altenwohnheim K\u00f6ssen t\u00e4tig und bereichert seit September 2019 unser Team. Derzeit ist sie haupts\u00e4chlich an der Anmeldung anzutreffen, hat inzwischen aber auch berufsbegleitend die Ausbildung zur Ordinationsassistentin erfolgreich absolviert.<\/p>\n<p style=\"text-align: justify;\">Sie ist verheiratet und hat drei Kinder.<\/p>\n<hr \/>\n<h3><span style=\"color: #99cc00;\">Achorner Andrea<\/span><\/h3>\n<p>war bereits vor vielen Jahren f\u00fcr meinen Vater t\u00e4tig und unterst\u00fctzt uns seit der Corona-Zeit und Beginn unserer Termin-Ordination in der Anmeldung haupts\u00e4chlich als Telefonistin.<\/p>\n<p>Sie ist verheiratet und hat drei Kinder.<\/p>\n<p><span style=\"color: #999999;\">&#8212;&#8212;&#8212;&#8212;&#8212;&#8212;&#8212;&#8212;&#8212;&#8212;&#8212;&#8212;&#8212;&#8212;&#8212;&#8212;&#8212;&#8212;&#8212;&#8212;&#8212;&#8212;&#8212;&#8212;&#8212;&#8212;&#8212;&#8212;&#8212;&#8212;&#8212;&#8212;&#8212;&#8212;&#8212;&#8212;&#8212;&#8212;&#8212;&#8212;&#8212;&#8212;&#8212;<\/span><\/p>\n<h3><span style=\"color: #99cc00;\">Michaela Netzer und Haunholter Carina<\/span><\/h3>\n<p style=\"text-align: justify;\">Sorgen f\u00fcr die Sauberkeit in den Praxisr\u00e4umlichkeiten.<\/p>\n","protected":false},"excerpt":{"rendered":"<p>Dr. Felix Heyenbrock Arzt f\u00fcr Allgemeinmedizin, Mitglied der \u00c4rztekammer f\u00fcr Tirol, geb. (1989) und aufgewachsen in M\u00fcnchen. 2007 Allgemeine Hochschulreife 2008 Ausbildung zum Rettungssanit\u00e4ter (Rettungsdienstschule M\u00fcnchen) 2008 \u2013 2015 Medizinstudium an der Medizinischen Universit\u00e4t Innsbruck 2015 \u2013 2018 postpromotionelle Ausbildung zum Arzt f\u00fcr Allgemeinmedizin am BKH St. Johann in Tirol<\/p>\n","protected":false},"author":2,"featured_media":0,"parent":12,"menu_order":6,"comment_status":"closed","ping_status":"closed","template":"","meta":{"_themeisle_gutenberg_block_has_review":false,"footnotes":""},"class_list":["post-14","page","type-page","status-publish","hentry"],"_links":{"self":[{"href":"https:\/\/www.dr-heyenbrock.at\/index.php?rest_route=\/wp\/v2\/pages\/14","targetHints":{"allow":["GET"]}}],"collection":[{"href":"https:\/\/www.dr-heyenbrock.at\/index.php?rest_route=\/wp\/v2\/pages"}],"about":[{"href":"https:\/\/www.dr-heyenbrock.at\/index.php?rest_route=\/wp\/v2\/types\/page"}],"author":[{"embeddable":true,"href":"https:\/\/www.dr-heyenbrock.at\/index.php?rest_route=\/wp\/v2\/users\/2"}],"replies":[{"embeddable":true,"href":"https:\/\/www.dr-heyenbrock.at\/index.php?rest_route=%2Fwp%2Fv2%2Fcomments&post=14"}],"version-history":[{"count":30,"href":"https:\/\/www.dr-heyenbrock.at\/index.php?rest_route=\/wp\/v2\/pages\/14\/revisions"}],"predecessor-version":[{"id":776,"href":"https:\/\/www.dr-heyenbrock.at\/index.php?rest_route=\/wp\/v2\/pages\/14\/revisions\/776"}],"up":[{"embeddable":true,"href":"https:\/\/www.dr-heyenbrock.at\/index.php?rest_route=\/wp\/v2\/pages\/12"}],"wp:attachment":[{"href":"https:\/\/www.dr-heyenbrock.at\/index.php?rest_route=%2Fwp%2Fv2%2Fmedia&parent=14"}],"curies":[{"name":"wp","href":"https:\/\/api.w.org\/{rel}","templated":true}]}}