{"id":20,"date":"2014-11-11T22:30:22","date_gmt":"2014-11-11T20:30:22","guid":{"rendered":"http:\/\/www3.doktor-forst.at\/?page_id=20"},"modified":"2023-02-05T12:44:57","modified_gmt":"2023-02-05T10:44:57","slug":"leistungen","status":"publish","type":"page","link":"https:\/\/www.dr-heyenbrock.at\/?page_id=20","title":{"rendered":"Leistungsangebot"},"content":{"rendered":"<p style=\"text-align: justify;\">Wir verstehen uns als zentrale Anlaufstelle f\u00fcr all Ihre gesundheits \u2013 und krankheitsbezogenen Fragen und bieten das gesamte Leistungsspektrum der modernen Allgemeinmedizin.<\/p>\n<p style=\"text-align: justify;\">Soforthilfe bei akuten Erkrankungen, Betreuung chronischer Erkrankungen, Gesundheitsvorsorge\/Krankheitsvorbeugung\u00a0 und die Zusammenarbeit mit Fach\u00e4rztinnen\/Fach\u00e4rzten sind wesentliche Pfeiler unserer t\u00e4glichen Arbeit.<\/p>\n<p style=\"text-align: justify;\">Wir bem\u00fchen uns stets um Diagnostik und Therapie auf aktuellem Niveau.<\/p>\n<p style=\"text-align: justify;\"><em><strong>PALLIATIVMEDIZIN<\/strong><\/em><br \/>Besonders am Herzen liegt uns die \u00e4rztliche Betreuung von Menschen, die die letzte Phase ihres Lebens zu Hause verbringen m\u00f6chten.<\/p>\n<hr \/>\n<p style=\"text-align: justify;\"><em><strong>HAUSBESUCHE<\/strong><\/em><br \/>Selbstverst\u00e4ndlich f\u00fchre ich\u00a0 auch Hausbesuche durch.\u00a0 Sollte aus Krankheitsgr\u00fcnden der Besuch in der Ordination nicht m\u00f6glich sein, sagen Sie uns bitte bis 11.00 h Bescheid. Die Visiten werden nach ihrer Dringlichkeit gereiht.<\/p>\n<p style=\"text-align: justify;\">Im Falle eines Notfalls auch w\u00e4hrend der Ordinationszeiten.<\/p>\n<hr \/>\n<p>[&#8222;<em><strong>LABOR<\/strong><\/em>&#8222;] In unserem eigenen Labor f\u00fchren wir die wichtigsten Parameter zur Schnelldiagnostik durch:<br \/>\u2022\u00a0\u00a0\u00a0 &#8222;Kleines Blutbild&#8220;<br \/>\u2022\u00a0\u00a0 \u00a0INR\/Quick (Blutverd\u00fcnnung)<br \/>\u2022\u00a0\u00a0 \u00a0CRP<br \/>\u2022\u00a0\u00a0 \u00a0Blutzucker<br \/>\u2022\u00a0\u00a0 \u00a0Blutsenkungsgeschwindigkeit<br \/>\u2022\u00a0\u00a0 \u00a0Strep A- Abstrich, Influenza &#8211; Abstrich <br \/>\u2022\u00a0\u00a0 \u00a0Harnteststreifen und Harnsediment (mikroskop. Untersuchung),\u00a0\u00a0\u00a0 Haemoccult <br \/>Alle weiteren Routine- und Speziallaboruntersuchungen (Blut, Urin, Stuhl, Abstriche) f\u00fchren wir in Zusammenarbeit mit Gro\u00dflaboren (Labor Schmoigl, Bakteriologie Dierich, Pathologie Obrist,\u2026) durch.<\/p>\n<hr \/>\n<p style=\"text-align: justify;\">[&#8222;<em><strong>SPEZIELLE SCHMERZTHERAPIE<\/strong><\/em>&#8222;] Schmerzen sind einer der h\u00e4ufigsten Gr\u00fcnde, warum Menschen in die Apotheke oder zum Arzt gehen. In den letzten Jahren hat sich sehr viel in der Anschauung der Schmerztherapie ver\u00e4ndert. Es hat\u00a0 sich herausgestellt, dass es besonders wichtig ist, Schmerzen m\u00f6glichst fr\u00fchzeitig und effektiv zu behandeln, um eine Chronifizierung des Schmerzgeschehens zu verhindern. Speziell daf\u00fcr wurde eine\u00a0 Zusatzausbildung der \u00c4rztekammer geschaffen, das Diplom f\u00fcr \u201eSpezielle Schmerztherapie\u201c.<br \/>Wir versuchen,\u00a0 Ihnen in unserer Ordination eine integrative Schmerztherapie anzubieten, d.h. wir verbinden Schul- und Komplement\u00e4rmedizin, um einen optimalen Therapieerfolg und eine m\u00f6glichst gute Schmerzreduktion zu erzielen. Wir kombinieren<br \/>\u2022\u00a0\u00a0 \u00a0Medikament\u00f6se Therapie mit der Auswahl m\u00f6glichst optimaler auf Sie abgestimmter Schmerzmittel mit m\u00f6glichst geringem Nebenwirkungsprofil<br \/>\u2022\u00a0\u00a0 \u00a0Schmerzinfusionen und -injektionen<br \/>\u2022\u00a0\u00a0 \u00a0Infiltrationstherapie<br \/>\u2022 \u00a0Bei Notwendigkeit gezielte Zuweisung zu spezialisierten Schmerzzentren f\u00fcr eventuell invasive Therapien (wie CT-gezielte Blockaden, Denervierung, etc.)<br \/>\u2022\u00a0\u00a0 \u00a0Zusammenarbeit mit Fach\u00e4rzten, Physiotherapeuten, Psychologen\u2026<\/p>\n<hr \/>\n<p style=\"text-align: justify;\">[&#8222;<em><strong>PHYSIKALISCHE THERAPIE<\/strong><\/em>&#8222;]<\/p>\n<p style=\"text-align: justify;\">\u2022\u00a0\u00a0 \u00a0Reizstrom<br \/>\u2022\u00a0\u00a0 \u00a0Therapeutischer Ultraschall<br \/>\u2022\u00a0\u00a0 \u00a0Infrarotleuchte<br \/>\u2022\u00a0\u00a0 \u00a0Biotron (&#8222;Kaltlicht&#8220;)<\/p>\n<p>\u2022 \u00a0 \u00a0Fl\u00e4chenlaser<br \/>\u2022\u00a0\u00a0 \u00a0Aerosol-Inhalation<\/p>\n<hr \/>\n<p style=\"text-align: justify;\">[&#8222;<em><strong>INFUSIONSTHERAPIE<\/strong><\/em>&#8222;]<\/p>\n<p style=\"text-align: justify;\">Neben der Schmerztherapie bieten wir auch zu folgenden Beschwerden<br \/>Infusionstherapien an:<\/p>\n<p style=\"text-align: justify;\">\u2022\u00a0\u00a0 \u00a0Mangelerscheinungen<br \/>\u2022\u00a0\u00a0 \u00a0Eiseninfusionen<br \/>\u2022\u00a0\u00a0 \u00a0Osteoporose\u00a0<\/p>\n<hr \/>\n<p style=\"text-align: justify;\">[&#8222;<em><strong>KLEINE CHIRURGIE<\/strong><\/em>&#8222;]<\/p>\n<p style=\"text-align: justify;\">Wir f\u00fchren, wenn n\u00f6tig unter lokaler Bet\u00e4ubung, folgende Eingriffe durch:<\/p>\n<p style=\"text-align: justify;\">\u2022\u00a0\u00a0 \u00a0Absze\u00dfspaltung<br \/>\u2022\u00a0\u00a0 \u00a0Behandlung eingewachsener Zehenn\u00e4gel<br \/>\u2022\u00a0\u00a0 \u00a0Versorgung von akuten Verletzungen<br \/>\u2022\u00a0\u00a0 \u00a0Entfernung gutartiger Hautver\u00e4nderungen und Muttermale (Termin)<br \/>\u2022\u00a0\u00a0 \u00a0Entfernung von Warzen an H\u00e4nden und Fu\u00dfsohlen (Termin)<br \/>\u2022\u00a0\u00a0 \u00a0Naht- und Klammernentfernung<br \/>\u2022\u00a0\u00a0 \u00a0Wundkontrollen und Verbandswechsel<\/p>\n<hr \/>\n<p style=\"text-align: justify;\">[&#8222;<em><strong>KRYOTHERAPIE<\/strong><\/em>\u00a0 (K\u00e4ltetherapie)&#8220;]<\/p>\n<p style=\"text-align: justify;\">Mit Hilfe der Kryotherapie k\u00f6nnen gezielt Warzen, Sonnensch\u00e4den, Pigmentflecken mit fl\u00fcssigem Stickstoff (- 196\u00b0C) zum Verschwinden gebracht werden.<\/p>\n<hr \/>\n<p style=\"text-align: justify;\">[&#8222;<strong><em>\u00c4RZTLICHE WUNDBEHANDLUNG<\/em><\/strong>&#8222;]<\/p>\n<p style=\"text-align: justify;\">Ein besonders\u00a0 wichtiger Aspekt ist auch die Behandlung chronischer Wunden mit den entsprechenden f\u00fcr die Art der Wunden richtigen Verbandsmaterialien.<br \/>Um eine m\u00f6glichst\u00a0 rasche Wundheilung zu erreichen, wenden wir additiv eine lokale Laserbestrahlung oder Biotron (Kaltlicht-)-Bestrahlung an.<\/p>\n<p style=\"text-align: justify;\">Wir k\u00f6nnen uns gl\u00fccklich sch\u00e4tzen, eine zertifizierte Wundmanagerin in unsererm Team zu wissen. Das gew\u00e4hrleistet uns eine Wundtherapei auf h\u00f6chstem Niveau.<\/p>\n<hr \/>\n<p style=\"text-align: justify;\">[&#8222;<em><strong>VORSORGEUNTERSUCHUNG<\/strong><\/em>&#8222;]<\/p>\n<p style=\"text-align: justify;\">Gesundheit ist unser h\u00f6chstes Gut, denn sie ist Voraussetzung f\u00fcr unser Wohlbefinden und hohe Lebensqualit\u00e4t. Umso wichtiger ist es, fr\u00fchzeitig in diese Gesundheit und deren Erhalt zu investieren.<\/p>\n<p style=\"text-align: justify;\">Die Grundlagen moderner Medizin basieren heute darauf, dass durch Fr\u00fcherkennung und regelm\u00e4\u00dfige Vorsorgeuntersuchungen, Beschwerden rechtzeitig erkannt werden,\u00a0 bevor sich diese zu ernsthaften Krankheiten entwickeln.<\/p>\n<p style=\"text-align: justify;\">Die Vorsorgeuntersuchung (Gesundenuntersuchung) bietet allen versicherten Personen ab dem 18. Lebensjahr einmal pro Jahr ein kostenloses Untersuchungsprogramm.<br \/>Ziel dabei ist die Fr\u00fcherkennung von Risikofaktoren und die\u00a0 Verhinderung von chronischen Krankheiten, die gerade im Anfangsstadium keine Symptome verursachen. Zielgruppe ist daher der beschwerdefreie Patient.<\/p>\n<p>Die Vorsorgeziele der Vorsorgeuntersuchungen sind:<\/p>\n<p>a) Arteriosklerose, Herz-Kreislauferkrankungen, erh\u00f6hter Blutdruck<\/p>\n<p>b) bestimmte Karzinome (insbesondere Darmkarzinom, Cervix-Karzinom, Mamma-Karzinom, Haut-Karzinom, Prostata-Karzinom und ausgew\u00e4hlte famili\u00e4r geh\u00e4ufte\u00a0auftretende Karzinome)<\/p>\n<p>c) Diabetes mellitus, Alkoholmissbrauch, Rauchen, Arzneimittelmissbrauch,\u00a0Adipositas, gesundheitsrelevanter Bewegungsmangel, Parodontose (Erkrankung\u00a0des Zahnhalteapparates)<\/p>\n<p>d) bestimmte H\u00f6r- und Sehst\u00f6rungen (Glaucom, Altersfehlsichtigkeit und\u00a0Altersschwerh\u00f6rigkeit)<\/p>\n<p style=\"text-align: justify;\">Daf\u00fcr vereinbaren Sie bitte einen Termin.\u00a0 Ca. eine Woche vor dem vereinbarten Termin kommen Sie bitte <strong>N\u00dcCHTERN<\/strong> zur Blutabnahme in die Ordination (8:00 \u2013 09:00Uhr).<\/p>\n<hr \/>\n<p style=\"text-align: justify;\">[&#8222;<em><strong>MUTTER-KIND-PASS-UNTERSUCHUNGEN<\/strong><\/em>&#8222;]<\/p>\n<p style=\"text-align: justify;\">\u2022\u00a0\u00a0 \u00a0bei Kindern von der Neugeborenenperiode bis\u00a0 zum Vorschulalter<br \/>\u2022 \u00a0 bei Schwangeren f\u00fchren wir die\u00a0 internistische Untersuchung in der 17. \u2013 20. Schwangerschaftswoche laut Mutter-Kind-Pass durch.<br \/>\u2022 Weiters k\u00f6nnen Sie bei uns den oralen Glukosetoleranztest zur Fr\u00fcherkennung einer Schwangerschaftszuckerkrankheit durchf\u00fchren.<\/p>\n<hr \/>\n<p>[&#8222;<strong>Sportmedizinische Untersuchungen<\/strong>&#8222;]<\/p>\n<div class=\"page\" title=\"Page 1\">\n<div class=\"section\">\n<div class=\"layoutArea\">\n<div class=\"column\">\n<p>Sporttauglichkeitsuntersuchung f\u00fcr Kinder und Jugendliche\u00a0vom vollendeten 6. bis zum vollendeten 19. Lebensjahr.<\/p>\n<div class=\"page\" title=\"Page 2\">\n<div class=\"section\">\n<div class=\"layoutArea\">\n<div class=\"column\">\n<div class=\"page\" title=\"Page 2\">\n<div class=\"section\">\n<div class=\"layoutArea\">\n<div class=\"column\">\n<p>Die Sportmedizinische Untersuchung des Landes Tirol wird f\u00fcr Kinder und Jugendliche vom vollendeten 6. bis zum vollendeten 19. Lebensjahr angeboten,\u00a0<span style=\"font-size: revert;\">die Mitglied in einem Sportverein sind. Sie kann einmal pro Kalenderjahr in Anspruch genommen werden.<\/span><\/p>\n<div class=\"page\" title=\"Page 2\">\n<div class=\"section\">\n<div class=\"layoutArea\">\n<div class=\"column\">\n<p>Voraussetzung f\u00fcr die Untersuchung ist eine Berechtigung.\u00a0Die SportlerInnen k\u00f6nnen die Berechtigung \u00fcber ihren Sportverein beziehen. Das hei\u00dft, der jeweilige Sport- verein meldet die SportlerInnen mittels Namensliste \u00fcber den Verband der Landessportabteilung, die dann die Berechtigung ausstellt.<\/p>\n<div class=\"page\" title=\"Page 2\">\n<div class=\"section\">\n<div class=\"layoutArea\">\n<div class=\"column\">\n<p>Der Gro\u00dfteil der Kosten wird vom Land Tirol und der TGKK getragen. Bei der Untersuchung wird vom Arzt\/ von der \u00c4rztin ein Selbstbehalt von derzeit \u20ac 8,- eingehoben.<\/p>\n<div class=\"page\" title=\"Page 1\">\n<div class=\"section\">\n<div class=\"layoutArea\">\n<div class=\"column\">\n<p>WAS WIRD UNTERSUCHT?<\/p>\n<ul>\n<li>pers\u00f6nliche Anamnese<\/li>\n<li>Blutdruck, Puls, Gewicht und Gr\u00f6\u00dfe<\/li>\n<li>internistische Abkl\u00e4rung<\/li>\n<li>orthop\u00e4dische Abkl\u00e4rung<\/li>\n<li>HNO,\u00a0<span style=\"font-size: revert;\">Schilddr\u00fcse,\u00a0<\/span><span style=\"font-size: revert;\">Augen<\/span><\/li>\n<li>neurologische u. psychologische Auff\u00e4lligkeiten<\/li>\n<li>kleiner Lungenfunktionstest<\/li>\n<li>kleines Labor (Blutabnahme):\u00a0Hb, BSG, Cholesterin, Blutzucker, Triglyzeride,\u00a0<span style=\"font-size: revert;\">Harnuntersuchung<\/span><\/li>\n<li>f\u00fcr Kinder ab 12 Jahren ist zwingend ein Ruhe-EKG durchzuf\u00fchren<\/li>\n<\/ul>\n<\/div>\n<\/div>\n<\/div>\n<\/div>\n<\/div>\n<\/div>\n<\/div>\n<\/div>\n<\/div>\n<\/div>\n<\/div>\n<\/div>\n<\/div>\n<\/div>\n<\/div>\n<\/div>\n<\/div>\n<\/div>\n<\/div>\n<\/div>\n<\/div>\n<\/div>\n<\/div>\n<\/div>\n<hr \/>\n<p>[&#8222;<em><strong>EKG<\/strong><\/em> <em>(Untersuchung auf Herzkrankheiten)<\/em>&#8222;]<\/p>\n<p>Das EKG ist eine schmerzlose Untersuchung des Herzens, mit dessen Hilfe Rhythmusst\u00f6rungen, Durchblutungsst\u00f6rungen, sowie eine Reihe anderer Erkrankungen des Herzens diagnostizert werden k\u00f6nnen.<\/p>\n<p>Wir f\u00fchren ein EKG vor allem im Akutfall bei Verdacht auf Herzinfarkt oder Herzrhythmusst\u00f6rungen durch.<\/p>\n<p>Au\u00dferdem bieten wir die M\u00f6glichkeit, im Rahmen einer pr\u00e4operativen Untersuchung (nur bei bisher herzgesunden Patienten) sowie einer Vorsorgeuntersuchung durchf\u00fchren zu lassen.\u00a0<\/p>\n<p>Im Rahmen der Sportmedizinischen Untersuchung ist ein EKG ab dem 12. Lebensjahr vorgesehen.<\/p>\n<hr \/>\n<p>[&#8222;<em><strong>24 STUNDEN BLUTDRUCKMESSUNG<\/strong><\/em>&#8222;]<\/p>\n<p>Durch eine 24 Stunden Blutdruckmessung k\u00f6nnen wir einen guten \u00dcberblick \u00fcber das Blutdruckverhalten des Patienten in seiner h\u00e4uslichen Umgebung oder w\u00e4hrend der Arbeitszeit gewinnen. Zu diesem Zweck erhalten Sie ein Blutdruckmessger\u00e4t, das mit einem Aufzeichnungsger\u00e4t verbunden ist. St\u00f6rfaktoren wie Aufregung beim Arztbesuch mit \u201eWei\u00dfkittel-Bluthochdruck\u201c werden hiermit beseitigt.<\/p>\n<p>Nach Einleitung einer Bluthochdruckbehandlung k\u00f6nnen wir die Therapie kontrollieren und gegebenenfalls \u00c4nderungen vornehmen. Besondere Bedeutung erh\u00e4lt die\u00a0 24 Stunden Blutdruckmessung durch Erfassung von Blutdruckspitzen zu bestimmten Tages- oder Nachtzeiten, die dem Arzt in der Vormittags \u2013 oder Nachmittagssprechstunde entgehen w\u00fcrden.<\/p>\n<hr \/>\n<p><em><strong>[&#8222;SONOGRAPHIE<\/strong><\/em>&#8222;]<\/p>\n<p>Durch meine Zusatzausbildung an der Radiologie des BKH St. Johann in Tirol bin ich dazu berechtigt Ultraschalluntersuchungen folgender Gebiete durchzuf\u00fchren:<\/p>\n<ul>\n<li>Abdomen (gesamter Bauchraum inkl. folgender Organe: Milz, Nieren, Leber, Bauchspeicheldr\u00fcse, Bauchschlagader, Darm, Blase)<\/li>\n<li>Halsschlagadern (A. Carotis)<\/li>\n<li>Schilddr\u00fcse<\/li>\n<li>Bewegungsapparat (z.B. Schulter, Achillessehne, Sehnen und Muskeln, Leistenkanal, etc&#8230;)<\/li>\n<li>periphere Venen (z.B: zum Thromboseausschluss)<\/li>\n<li>Lunge<\/li>\n<li>Small Parts (z.B. Schwellungen, wie Abszesse, Arthrose, Lymphknoten, etc&#8230;)<\/li>\n<\/ul>\n<p>Die Untersuchung des Bauches ist eine Kassenleistung (hier entstehen dem Patienten keine zus\u00e4tzlichen Kosten).\u00a0<\/p>\n<p>Alle anderen Ultraschall-Untersuchungen werden nicht von der Kasse bezahlt und m\u00fcssen vom Patienten selbst bezahlt werden. Wir verrechnen hier den Kassentarif.\u00a0<\/p>\n<p>Ausnahme: Sie SVS bezahlt ALLE Ultraschall-Untersuchungen.<\/p>\n<hr \/>\n<p><em><strong>[&#8222;R\u00f6ntgen und Unfallchirurgie<\/strong><\/em>&#8222;]<\/p>\n<p>Das R\u00f6ntgenger\u00e4t von Dr. Fahringer ist in unsere Ordination mit\u00fcbersiedelt.<\/p>\n<p>Wir k\u00f6nnen R\u00f6ntgenaufnahmen der Extremit\u00e4ten (Arme und Beine) durchf\u00fchren. Aufnahmen der H\u00fcfte, der Wirbels\u00e4ule, der Lunge und des Kopfes sind mit unserem Ger\u00e4t nicht m\u00f6glich.<\/p>\n<p>F\u00fcr einfache umverschobene Br\u00fcche und andere Sportverletzungen bieten wir in weiterer Folge auch eine Versorgung mittels Schienen oder Gips (Kunststoffgips, DeltaCast) an.<\/p>\n<hr \/>\n<p><em><strong>[&#8222;IMPFUNGEN UND IMPFBERATUNG<\/strong><\/em>&#8222;]<\/p>\n<p>Schutzimpfungen stellen eine wichtige Ma\u00dfnahme zur Gesundheitsvorsorge dar.<\/p>\n<p>Wir beraten Sie gerne \u00fcber notwendige Impfungen, auch vor geplanten Fernreisen und f\u00fchren diese im Bedarfsfall durch. Wir f\u00fchren nat\u00fcrlich auch Impftiter-Bestimmungen zur Feststellung der Notwendigkeit von Auffrischungsimpfungen durch.<\/p>\n<p>\u00dcblicherweise sind nur Impfungen bis zum vollendeten zweiten Lebensjahr von der Kasse honoriert und daher kostenfrei. Da Impfungen jedoch meines\u00a0 Erachtens eine der wenigen m\u00f6glichen Ma\u00dfnahmen zur Krankheitspr\u00e4vention sind, wird in unserer Ordination bis zum vollendeten 10. Lebensjahr keine Impfgeb\u00fchr verlangt. (Kosten des Impfstoffes sind selbst zu tragen)<\/p>\n<p>Die g\u00e4ngigsten Impfstoffe sind in unserer Praxis lagernd vorr\u00e4tig.<\/p>\n<p>Ab dem 11. Lebensjahr\u00a0 betr\u00e4gt die Impfgeb\u00fchr 12 Euro.<\/p>\n<p>Damit liegen wir noch deutlich unter dem von der Tiroler \u00c4rztekammer empfohlenen Tarif.<\/p>\n<hr \/>\n<p>[&#8222;<em><strong>\u00dcBERPR\u00dcFUNG DER MEDIKAMENTENVERORDNUNG<\/strong><\/em>&#8222;]<\/p>\n<p>Patienten mit mehreren Erkrankungen nehmen h\u00e4ufig mehrere Arzneimittel ein, die vielfach Wechselwirkungen haben. Diese Arzneimittel-Vielzahl (Polypharmazie) kann zu gef\u00e4hrlichen Nebenwirkungen f\u00fchren. Mit einer \u00dcberpr\u00fcfung und eventuellen Optimierung der Medikamentenverordnung kann die Arzneimitteltherapiesicherheit speziell f\u00fcr \u00e4ltere Menschen verbessert und damit Nebenwirkungen und Zusatzbehandlungen verringert werden.<\/p>\n<p>\u00a0<\/p>\n<p>\u00a0<\/p>\n<p>\u00a0<\/p>\n<p style=\"text-align: justify;\">\u00a0<\/p>\n<p style=\"text-align: justify;\">\u00a0<\/p>\n<p style=\"text-align: justify;\">\u00a0<\/p>\n\n","protected":false},"excerpt":{"rendered":"<p>Wir verstehen uns als zentrale Anlaufstelle f\u00fcr all Ihre gesundheits \u2013 und krankheitsbezogenen Fragen und bieten das gesamte Leistungsspektrum der modernen Allgemeinmedizin. Soforthilfe bei akuten Erkrankungen, Betreuung chronischer Erkrankungen, Gesundheitsvorsorge\/Krankheitsvorbeugung\u00a0 und die Zusammenarbeit mit Fach\u00e4rztinnen\/Fach\u00e4rzten sind wesentliche Pfeiler unserer t\u00e4glichen Arbeit. Wir bem\u00fchen uns stets um Diagnostik und Therapie auf<\/p>\n","protected":false},"author":2,"featured_media":0,"parent":129,"menu_order":15,"comment_status":"closed","ping_status":"closed","template":"","meta":{"_themeisle_gutenberg_block_has_review":false,"footnotes":""},"class_list":["post-20","page","type-page","status-publish","hentry"],"_links":{"self":[{"href":"https:\/\/www.dr-heyenbrock.at\/index.php?rest_route=\/wp\/v2\/pages\/20","targetHints":{"allow":["GET"]}}],"collection":[{"href":"https:\/\/www.dr-heyenbrock.at\/index.php?rest_route=\/wp\/v2\/pages"}],"about":[{"href":"https:\/\/www.dr-heyenbrock.at\/index.php?rest_route=\/wp\/v2\/types\/page"}],"author":[{"embeddable":true,"href":"https:\/\/www.dr-heyenbrock.at\/index.php?rest_route=\/wp\/v2\/users\/2"}],"replies":[{"embeddable":true,"href":"https:\/\/www.dr-heyenbrock.at\/index.php?rest_route=%2Fwp%2Fv2%2Fcomments&post=20"}],"version-history":[{"count":37,"href":"https:\/\/www.dr-heyenbrock.at\/index.php?rest_route=\/wp\/v2\/pages\/20\/revisions"}],"predecessor-version":[{"id":681,"href":"https:\/\/www.dr-heyenbrock.at\/index.php?rest_route=\/wp\/v2\/pages\/20\/revisions\/681"}],"up":[{"embeddable":true,"href":"https:\/\/www.dr-heyenbrock.at\/index.php?rest_route=\/wp\/v2\/pages\/129"}],"wp:attachment":[{"href":"https:\/\/www.dr-heyenbrock.at\/index.php?rest_route=%2Fwp%2Fv2%2Fmedia&parent=20"}],"curies":[{"name":"wp","href":"https:\/\/api.w.org\/{rel}","templated":true}]}}