{"id":28,"date":"2014-11-11T22:45:44","date_gmt":"2014-11-11T20:45:44","guid":{"rendered":"http:\/\/www3.doktor-forst.at\/?page_id=28"},"modified":"2023-02-05T12:11:33","modified_gmt":"2023-02-05T10:11:33","slug":"die-praxis","status":"publish","type":"page","link":"https:\/\/www.dr-heyenbrock.at\/?page_id=28","title":{"rendered":"Die Praxis"},"content":{"rendered":"\n<p><br>Unsere Ordinationsr\u00e4ume befinden sich im Sozialzentrum der Gemeinde K\u00f6ssen und wurden Ende 2022 fertiggestellt.<\/p>\n\n\n\n<p>Unsere R\u00e4umlichkeiten sind entsprechend der \u00d6NORM B 1600 barrierefrei.<\/p>\n\n\n","protected":false},"excerpt":{"rendered":"<p>Unsere Ordinationsr\u00e4ume befinden sich im Sozialzentrum der Gemeinde K\u00f6ssen und wurden Ende 2022 fertiggestellt. Unsere R\u00e4umlichkeiten sind entsprechend der \u00d6NORM B 1600 barrierefrei.<\/p>\n","protected":false},"author":2,"featured_media":0,"parent":12,"menu_order":9,"comment_status":"closed","ping_status":"closed","template":"","meta":{"_themeisle_gutenberg_block_has_review":false,"footnotes":""},"class_list":["post-28","page","type-page","status-publish","hentry"],"_links":{"self":[{"href":"https:\/\/www.dr-heyenbrock.at\/index.php?rest_route=\/wp\/v2\/pages\/28","targetHints":{"allow":["GET"]}}],"collection":[{"href":"https:\/\/www.dr-heyenbrock.at\/index.php?rest_route=\/wp\/v2\/pages"}],"about":[{"href":"https:\/\/www.dr-heyenbrock.at\/index.php?rest_route=\/wp\/v2\/types\/page"}],"author":[{"embeddable":true,"href":"https:\/\/www.dr-heyenbrock.at\/index.php?rest_route=\/wp\/v2\/users\/2"}],"replies":[{"embeddable":true,"href":"https:\/\/www.dr-heyenbrock.at\/index.php?rest_route=%2Fwp%2Fv2%2Fcomments&post=28"}],"version-history":[{"count":28,"href":"https:\/\/www.dr-heyenbrock.at\/index.php?rest_route=\/wp\/v2\/pages\/28\/revisions"}],"predecessor-version":[{"id":679,"href":"https:\/\/www.dr-heyenbrock.at\/index.php?rest_route=\/wp\/v2\/pages\/28\/revisions\/679"}],"up":[{"embeddable":true,"href":"https:\/\/www.dr-heyenbrock.at\/index.php?rest_route=\/wp\/v2\/pages\/12"}],"wp:attachment":[{"href":"https:\/\/www.dr-heyenbrock.at\/index.php?rest_route=%2Fwp%2Fv2%2Fmedia&parent=28"}],"curies":[{"name":"wp","href":"https:\/\/api.w.org\/{rel}","templated":true}]}}