{"id":45,"date":"2014-11-14T00:10:04","date_gmt":"2014-11-13T22:10:04","guid":{"rendered":"http:\/\/www3.doktor-forst.at\/?page_id=45"},"modified":"2023-01-04T18:33:11","modified_gmt":"2023-01-04T16:33:11","slug":"nachricht-terminanfrage","status":"publish","type":"page","link":"https:\/\/www.dr-heyenbrock.at\/?page_id=45","title":{"rendered":"Kontakt &#038; Impressum"},"content":{"rendered":"<h4><span style=\"text-decoration: underline;\">Ihre Nachricht an uns<br \/>\n<\/span><\/h4>\n<p><!--cforms name=\"Kontakt\"--><\/p>\n\n<div class=\"wpcf7 no-js\" id=\"wpcf7-f80-o1\" lang=\"de-DE\" dir=\"ltr\" data-wpcf7-id=\"80\">\n<div class=\"screen-reader-response\"><p role=\"status\" aria-live=\"polite\" aria-atomic=\"true\"><\/p> <ul><\/ul><\/div>\n<form action=\"\/index.php?rest_route=%2Fwp%2Fv2%2Fpages%2F45#wpcf7-f80-o1\" method=\"post\" class=\"wpcf7-form init\" aria-label=\"Kontaktformular\" novalidate=\"novalidate\" data-status=\"init\">\n<fieldset class=\"hidden-fields-container\"><input type=\"hidden\" name=\"_wpcf7\" value=\"80\" \/><input type=\"hidden\" name=\"_wpcf7_version\" value=\"6.1.5\" \/><input type=\"hidden\" name=\"_wpcf7_locale\" value=\"de_DE\" \/><input type=\"hidden\" name=\"_wpcf7_unit_tag\" value=\"wpcf7-f80-o1\" \/><input type=\"hidden\" name=\"_wpcf7_container_post\" value=\"0\" \/><input type=\"hidden\" name=\"_wpcf7_posted_data_hash\" value=\"\" \/>\n<\/fieldset>\n<p>Ihr Vorname (Pflichtfeld)\n<\/p>\n<p><span class=\"wpcf7-form-control-wrap\" data-name=\"your-firstname\"><input size=\"40\" maxlength=\"400\" class=\"wpcf7-form-control wpcf7-text wpcf7-validates-as-required\" aria-required=\"true\" aria-invalid=\"false\" value=\"\" type=\"text\" name=\"your-firstname\" \/><\/span>\n<\/p>\n<p>Ihr Nachname (Pflichtfeld)\n<\/p>\n<p><span class=\"wpcf7-form-control-wrap\" data-name=\"your-name\"><input size=\"40\" maxlength=\"400\" class=\"wpcf7-form-control wpcf7-text wpcf7-validates-as-required\" aria-required=\"true\" aria-invalid=\"false\" value=\"\" type=\"text\" name=\"your-name\" \/><\/span>\n<\/p>\n<p>Ihre E-Mail-Adresse\n<\/p>\n<p><span class=\"wpcf7-form-control-wrap\" data-name=\"your-email\"><input size=\"40\" maxlength=\"400\" class=\"wpcf7-form-control wpcf7-email wpcf7-text wpcf7-validates-as-email\" aria-invalid=\"false\" value=\"\" type=\"email\" name=\"your-email\" \/><\/span>\n<\/p>\n<p>Ihre Telefonnummer (Pflichtfeld)\n<\/p>\n<p><span class=\"wpcf7-form-control-wrap\" data-name=\"tel-867\"><input size=\"40\" maxlength=\"400\" class=\"wpcf7-form-control wpcf7-tel wpcf7-text wpcf7-validates-as-tel\" aria-invalid=\"false\" value=\"\" type=\"tel\" name=\"tel-867\" \/><\/span>\n<\/p>\n<p>Betreff\n<\/p>\n<p><span class=\"wpcf7-form-control-wrap\" data-name=\"your-subject\"><input size=\"40\" maxlength=\"400\" class=\"wpcf7-form-control wpcf7-text\" aria-invalid=\"false\" value=\"\" type=\"text\" name=\"your-subject\" \/><\/span>\n<\/p>\n<p>Ihre Nachricht\n<\/p>\n<p><span class=\"wpcf7-form-control-wrap\" data-name=\"your-message\"><textarea cols=\"40\" rows=\"10\" maxlength=\"2000\" class=\"wpcf7-form-control wpcf7-textarea\" aria-invalid=\"false\" name=\"your-message\"><\/textarea><\/span>\n<\/p>\n<p>Sicherheitsabfrage\n<\/p>\n<p><input type=\"hidden\" name=\"_wpcf7_captcha_challenge_captcha-565\" value=\"1630855183\" \/><img loading=\"lazy\" decoding=\"async\" class=\"wpcf7-form-control wpcf7-captchac wpcf7-captcha-captcha-565\" width=\"84\" height=\"28\" alt=\"captcha\" src=\"https:\/\/www.dr-heyenbrock.at\/wp-content\/uploads\/wpcf7_captcha\/1630855183.png\" \/><br \/>\n<span class=\"wpcf7-form-control-wrap\" data-name=\"captcha-565\"><input size=\"40\" class=\"wpcf7-form-control wpcf7-captchar\" autocomplete=\"off\" aria-invalid=\"false\" value=\"\" type=\"text\" name=\"captcha-565\" \/><\/span>\n<\/p>\n<p><input class=\"wpcf7-form-control wpcf7-submit has-spinner\" type=\"submit\" value=\"Senden\" \/>\n<\/p><p style=\"display: none !important;\" class=\"akismet-fields-container\" data-prefix=\"_wpcf7_ak_\"><label>&#916;<textarea name=\"_wpcf7_ak_hp_textarea\" cols=\"45\" rows=\"8\" maxlength=\"100\"><\/textarea><\/label><input type=\"hidden\" id=\"ak_js_1\" name=\"_wpcf7_ak_js\" value=\"25\"\/><script type=\"text\/javascript\">\n\/* <![CDATA[ *\/\ndocument.getElementById( \"ak_js_1\" ).setAttribute( \"value\", ( new Date() ).getTime() );\n\/* ]]> *\/\n<\/script>\n<\/p><div class=\"wpcf7-response-output\" aria-hidden=\"true\"><\/div>\n<\/form>\n<\/div>\n\n<hr \/>\n<h4><span style=\"text-decoration: underline;\">Impressum<\/span><\/h4>\n<p>Information gem\u00e4\u00df \u00a7 5 E-Commerce-Gesetz und Offenlegung gem\u00e4\u00df \u00a7 25 Mediengesetz:<\/p>\n<p><span style=\"color: #669933;\"><strong>Dr. Felix Heyenbrock<\/strong><br \/>\nMesnerfeld 2, 6345 K\u00f6ssen<\/span><br \/>\n<span style=\"color: #669933;\"> Telefon 05375 \/ 6421<br \/>\nFAX 05375 \/ 6421-9<br \/>\nE-mail: <a style=\"color: #669933;\" href=\"mailto:praxis@dr-heyenbrock.at\">praxis@dr-heyenbrock.at<\/a><\/span><\/p>\n<p><span style=\"color: #669933;\">Homepage: https:\/\/www.dr-heyenbrock.at<\/span><\/p>\n<p>Mitglied der \u00c4rztekammer f\u00fcr Tirol, Mitglied der \u00d6GKA<br \/>\nBerufsbezeichnung: Arzt f\u00fcr Allgemeinmedizin<br \/>\nT\u00e4tigkeit unterliegt dem \u00c4rztegesetz 1998 (siehe <a href=\"http:\/\/www.ris.bka.gv.at\/bundesrecht\" target=\"_blank\" rel=\"noopener noreferrer\">www.ris.bka.gv.at\/bundesrecht<\/a>)<\/p>\n<p><!--cforms name=\"Terminanfrage\"--><\/p>\n","protected":false},"excerpt":{"rendered":"<p>Ihre Nachricht an uns Impressum Information gem\u00e4\u00df \u00a7 5 E-Commerce-Gesetz und Offenlegung gem\u00e4\u00df \u00a7 25 Mediengesetz: Dr. Felix Heyenbrock Mesnerfeld 2, 6345 K\u00f6ssen Telefon 05375 \/ 6421 FAX 05375 \/ 6421-9 E-mail: praxis@dr-heyenbrock.at Homepage: https:\/\/www.dr-heyenbrock.at Mitglied der \u00c4rztekammer f\u00fcr Tirol, Mitglied der \u00d6GKA Berufsbezeichnung: Arzt f\u00fcr Allgemeinmedizin T\u00e4tigkeit unterliegt dem<\/p>\n","protected":false},"author":2,"featured_media":0,"parent":0,"menu_order":21,"comment_status":"closed","ping_status":"closed","template":"","meta":{"_themeisle_gutenberg_block_has_review":false,"footnotes":""},"class_list":["post-45","page","type-page","status-publish","hentry"],"_links":{"self":[{"href":"https:\/\/www.dr-heyenbrock.at\/index.php?rest_route=\/wp\/v2\/pages\/45","targetHints":{"allow":["GET"]}}],"collection":[{"href":"https:\/\/www.dr-heyenbrock.at\/index.php?rest_route=\/wp\/v2\/pages"}],"about":[{"href":"https:\/\/www.dr-heyenbrock.at\/index.php?rest_route=\/wp\/v2\/types\/page"}],"author":[{"embeddable":true,"href":"https:\/\/www.dr-heyenbrock.at\/index.php?rest_route=\/wp\/v2\/users\/2"}],"replies":[{"embeddable":true,"href":"https:\/\/www.dr-heyenbrock.at\/index.php?rest_route=%2Fwp%2Fv2%2Fcomments&post=45"}],"version-history":[{"count":29,"href":"https:\/\/www.dr-heyenbrock.at\/index.php?rest_route=\/wp\/v2\/pages\/45\/revisions"}],"predecessor-version":[{"id":652,"href":"https:\/\/www.dr-heyenbrock.at\/index.php?rest_route=\/wp\/v2\/pages\/45\/revisions\/652"}],"wp:attachment":[{"href":"https:\/\/www.dr-heyenbrock.at\/index.php?rest_route=%2Fwp%2Fv2%2Fmedia&parent=45"}],"curies":[{"name":"wp","href":"https:\/\/api.w.org\/{rel}","templated":true}]}}